{"id":3,"date":"2024-03-17T15:12:48","date_gmt":"2024-03-17T14:12:48","guid":{"rendered":"http:\/\/csgartphotos.fr\/?page_id=3"},"modified":"2024-04-03T19:49:14","modified_gmt":"2024-04-03T17:49:14","slug":"politique-de-confidentialite","status":"publish","type":"page","link":"https:\/\/csgartphotos.fr\/?page_id=3","title":{"rendered":"Politique de confidentialit\u00e9"},"content":{"rendered":"\n<p>La protection de vos donn\u00e9es personnelles est une priorit\u00e9 pour moi. Cette politique de confidentialit\u00e9 explique comment je collecte, utilise et prot\u00e8ge vos informations lorsque vous utilisez mon site web et mes services. <\/p>\n\n\n\n<h2 class=\"wp-block-heading\">H\u00e9bergement et plateforme<\/h2>\n\n\n\n<p>Je suis responsable du traitement de vos donn\u00e9es personnelles conform\u00e9ment aux lois applicables en mati\u00e8re de protection des donn\u00e9es.<\/p>\n\n\n\n<p>Mon site web est h\u00e9berg\u00e9 par Hostinger et utilis\u00e9 avec la plateforme WordPress. Je vous recommande de consulter leurs politiques de confidentialit\u00e9 respectives pour obtenir plus d&rsquo;informations sur la mani\u00e8re dont ils traitent vos donn\u00e9es.<\/p>\n\n\n\n<p>Pour toute question suppl\u00e9mentaire concernant ma politique de confidentialit\u00e9, veuillez me contacter \u00e0 l&rsquo;adresse e-mail : contact@csgartphotos.fr.<\/p>\n\n\n\n<p>Cette politique de confidentialit\u00e9 est sujette \u00e0 modification, veuillez consulter cette page r\u00e9guli\u00e8rement pour rester inform\u00e9 de tout changement.<\/p>\n\n\n\n<h2 class=\"wp-block-heading\">Collecte des donn\u00e9es personnelles<\/h2>\n\n\n\n<p>Je collecte des donn\u00e9es personnelles lorsque vous interagissez avec mon site web, notamment lorsque vous remplissez le formulaire de contact, que vous laissez un commentaire ou que vous effectuez un achat via Woo Commerce. Les types de donn\u00e9es que je collecte peuvent inclure, mais ne sont pas limit\u00e9s \u00e0 :<\/p>\n\n\n\n<ul class=\"wp-block-list\">\n<li>Nom<\/li>\n\n\n\n<li>Adresse e-mail<\/li>\n\n\n\n<li>Num\u00e9ro de t\u00e9l\u00e9phone<\/li>\n\n\n\n<li>Adresse postale \/ adresse de facturation<\/li>\n\n\n\n<li>Informations de paiement<\/li>\n\n\n\n<li>Contenu du commentaire ou de l&rsquo;avis<\/li>\n<\/ul>\n\n\n\n<p>Je peux utiliser des cookies et d&rsquo;autres technologies de suivi pour collecter automatiquement certaines informations lorsque vous visitez mon site web. Cela peut inclure des informations sur votre appareil, votre navigateur, votre adresse IP, vos actions sur le site et vos pr\u00e9f\u00e9rences de langue.<\/p>\n\n\n\n<p>J&rsquo;utilise Google Analytics pour collecter des donn\u00e9es sur l&rsquo;utilisation de mon site web, telles que les pages visit\u00e9es, le temps pass\u00e9 sur chaque page, les interactions avec le site, et d&rsquo;autres informations similaires.<\/p>\n\n\n<style>.wp-block-kadence-advancedheading.kt-adv-heading3_2cd005-85, .wp-block-kadence-advancedheading.kt-adv-heading3_2cd005-85[data-kb-block=\"kb-adv-heading3_2cd005-85\"]{font-style:normal;}.wp-block-kadence-advancedheading.kt-adv-heading3_2cd005-85 mark.kt-highlight, .wp-block-kadence-advancedheading.kt-adv-heading3_2cd005-85[data-kb-block=\"kb-adv-heading3_2cd005-85\"] mark.kt-highlight{font-style:normal;color:#f76a0c;-webkit-box-decoration-break:clone;box-decoration-break:clone;padding-top:0px;padding-right:0px;padding-bottom:0px;padding-left:0px;}.wp-block-kadence-advancedheading.kt-adv-heading3_2cd005-85 img.kb-inline-image, .wp-block-kadence-advancedheading.kt-adv-heading3_2cd005-85[data-kb-block=\"kb-adv-heading3_2cd005-85\"] img.kb-inline-image{width:150px;vertical-align:baseline;}<\/style>\n<h2 class=\"kt-adv-heading3_2cd005-85 wp-block-kadence-advancedheading\" data-kb-block=\"kb-adv-heading3_2cd005-85\">Utilisation des donn\u00e9es personnelles<\/h2>\n\n\n\n<p>J&rsquo;utilise vos donn\u00e9es personnelles dans le but de fournir mes services, de traiter vos commandes et demandes, de vous contacter concernant votre commande ou pour vous envoyer des informations marketing si vous avez consenti \u00e0 les recevoir. Je peux \u00e9galement utiliser vos donn\u00e9es pour am\u00e9liorer mon site web et personnaliser votre exp\u00e9rience utilisateur.<\/p>\n\n\n<style>.wp-block-kadence-advancedheading.kt-adv-heading3_c6dfac-3a, .wp-block-kadence-advancedheading.kt-adv-heading3_c6dfac-3a[data-kb-block=\"kb-adv-heading3_c6dfac-3a\"]{font-style:normal;}.wp-block-kadence-advancedheading.kt-adv-heading3_c6dfac-3a mark.kt-highlight, .wp-block-kadence-advancedheading.kt-adv-heading3_c6dfac-3a[data-kb-block=\"kb-adv-heading3_c6dfac-3a\"] mark.kt-highlight{font-style:normal;color:#f76a0c;-webkit-box-decoration-break:clone;box-decoration-break:clone;padding-top:0px;padding-right:0px;padding-bottom:0px;padding-left:0px;}.wp-block-kadence-advancedheading.kt-adv-heading3_c6dfac-3a img.kb-inline-image, .wp-block-kadence-advancedheading.kt-adv-heading3_c6dfac-3a[data-kb-block=\"kb-adv-heading3_c6dfac-3a\"] img.kb-inline-image{width:150px;vertical-align:baseline;}<\/style>\n<h2 class=\"kt-adv-heading3_c6dfac-3a wp-block-kadence-advancedheading\" data-kb-block=\"kb-adv-heading3_c6dfac-3a\">Protection des donn\u00e9es<\/h2>\n\n\n\n<p>Je mets en place des mesures de s\u00e9curit\u00e9 appropri\u00e9es pour prot\u00e9ger vos donn\u00e9es personnelles contre tout acc\u00e8s non autoris\u00e9, alt\u00e9ration, divulgation ou destruction. Je m&rsquo;efforce d&rsquo;utiliser des moyens commercialement acceptables pour prot\u00e9ger vos donn\u00e9es personnelles, mais je ne peux pas garantir leur s\u00e9curit\u00e9 absolue.<\/p>\n\n\n\n<p>Je ne partage aucune donn\u00e9e personnelle avec des tiers \u00e0 des fins commerciales. Je peux divulguer vos informations personnelles dans les cas suivants :<\/p>\n\n\n\n<ul class=\"wp-block-list\">\n<li>Si cela est n\u00e9cessaire pour se conformer \u00e0 une obligation l\u00e9gale.<\/li>\n\n\n\n<li>Pour prot\u00e9ger et d\u00e9fendre mes droits ou ma propri\u00e9t\u00e9.<\/li>\n<\/ul>\n\n\n<style>.wp-block-kadence-advancedheading.kt-adv-heading3_b063c9-a0, .wp-block-kadence-advancedheading.kt-adv-heading3_b063c9-a0[data-kb-block=\"kb-adv-heading3_b063c9-a0\"]{font-style:normal;}.wp-block-kadence-advancedheading.kt-adv-heading3_b063c9-a0 mark.kt-highlight, .wp-block-kadence-advancedheading.kt-adv-heading3_b063c9-a0[data-kb-block=\"kb-adv-heading3_b063c9-a0\"] mark.kt-highlight{font-style:normal;color:#f76a0c;-webkit-box-decoration-break:clone;box-decoration-break:clone;padding-top:0px;padding-right:0px;padding-bottom:0px;padding-left:0px;}.wp-block-kadence-advancedheading.kt-adv-heading3_b063c9-a0 img.kb-inline-image, .wp-block-kadence-advancedheading.kt-adv-heading3_b063c9-a0[data-kb-block=\"kb-adv-heading3_b063c9-a0\"] img.kb-inline-image{width:150px;vertical-align:baseline;}<\/style>\n<h2 class=\"kt-adv-heading3_b063c9-a0 wp-block-kadence-advancedheading\" data-kb-block=\"kb-adv-heading3_b063c9-a0\">Vos droits<\/h2>\n\n\n\n<p>Vous avez le droit d&rsquo;acc\u00e9der \u00e0 vos donn\u00e9es personnelles, de les corriger, de les mettre \u00e0 jour ou de les supprimer. Vous avez \u00e9galement le droit de vous opposer au traitement de vos donn\u00e9es personnelles \u00e0 des fins de marketing direct. <\/p>\n\n\n\n<p>Pour exercer ces droits ou pour toute r\u00e9clamation concernant mon utilisation de vos donn\u00e9es personnelles, veuillez me contacter \u00e0 l&rsquo;adresse e-mail suivante : contact@csgartphotos.fr..<\/p>\n\n\n\n<h2 class=\"wp-block-heading\">Dur\u00e9e de conservation de vos donn\u00e9es<\/h2>\n\n\n\n<p>Je conserverai vos donn\u00e9es personnelles aussi longtemps que n\u00e9cessaire pour remplir les finalit\u00e9s d\u00e9crites dans cette politique de confidentialit\u00e9, sauf si une p\u00e9riode de conservation plus longue est requise ou autoris\u00e9e par la loi.<\/p>\n\n\n\n<h2 class=\"wp-block-heading\">Bases juridiques et r\u00e9f\u00e9rences l\u00e9gales <\/h2>\n\n\n\n<ul class=\"wp-block-list\">\n<li>R\u00e8glement G\u00e9n\u00e9ral sur la Protection des Donn\u00e9es (RGPD) de l&rsquo;Union europ\u00e9enne<\/li>\n\n\n\n<li>Loi n\u00b0 78-17 du 6 janvier 1978 relative \u00e0 l&rsquo;informatique, aux fichiers et aux libert\u00e9s (modifi\u00e9e)<\/li>\n\n\n\n<li>Articles du RGPD : 6 (Lic\u00e9it\u00e9 du traitement), 13 (Informations \u00e0 fournir lorsque des donn\u00e9es \u00e0 caract\u00e8re personnel sont collect\u00e9es aupr\u00e8s de la personne concern\u00e9e), 14 (Informations \u00e0 fournir si les donn\u00e9es \u00e0 caract\u00e8re personnel n&rsquo;ont pas \u00e9t\u00e9 obtenues aupr\u00e8s de la personne concern\u00e9e), 15 (Droit d&rsquo;acc\u00e8s de la personne concern\u00e9e), 16 (Droit de rectification), 17 (Droit \u00e0 l&rsquo;effacement (\u00ab droit \u00e0 l&rsquo;oubli \u00bb)), 30 (Registre des activit\u00e9s de traitement), 32 (S\u00e9curit\u00e9 du traitement), 33 (Notification d&rsquo;une violation de donn\u00e9es \u00e0 caract\u00e8re personnel \u00e0 l&rsquo;autorit\u00e9 de contr\u00f4le), 34 (Communication d&rsquo;une violation de donn\u00e9es \u00e0 caract\u00e8re personnel \u00e0 la personne concern\u00e9e), et 35 (Analyse d&rsquo;impact relative \u00e0 la protection des donn\u00e9es).<\/li>\n<\/ul>\n\n\n<div class=\"has-text-align-right wp-block-post-date\"><time datetime=\"2024-03-17T15:12:48+01:00\">17 mars 2024<\/time><\/div>\n\n\n<p><\/p>\n","protected":false},"excerpt":{"rendered":"<p>La protection de vos donn\u00e9es personnelles est une priorit\u00e9 pour moi. Cette politique de confidentialit\u00e9 explique comment je collecte, utilise et prot\u00e8ge vos informations lorsque vous utilisez mon site web et mes services. H\u00e9bergement et plateforme Je suis responsable du traitement de vos donn\u00e9es personnelles conform\u00e9ment aux lois applicables en mati\u00e8re de protection des donn\u00e9es&#8230;.<\/p>\n","protected":false},"author":1,"featured_media":0,"parent":0,"menu_order":0,"comment_status":"closed","ping_status":"open","template":"","meta":{"om_disable_all_campaigns":false,"_monsterinsights_skip_tracking":false,"_monsterinsights_sitenote_active":false,"_monsterinsights_sitenote_note":"","_monsterinsights_sitenote_category":0,"_kadence_starter_templates_imported_post":false,"_kad_post_transparent":"","_kad_post_title":"","_kad_post_layout":"","_kad_post_sidebar_id":"","_kad_post_content_style":"","_kad_post_vertical_padding":"","_kad_post_feature":"","_kad_post_feature_position":"","_kad_post_header":false,"_kad_post_footer":false,"footnotes":""},"class_list":["post-3","page","type-page","status-publish","hentry"],"aioseo_notices":[],"_links":{"self":[{"href":"https:\/\/csgartphotos.fr\/index.php?rest_route=\/wp\/v2\/pages\/3","targetHints":{"allow":["GET"]}}],"collection":[{"href":"https:\/\/csgartphotos.fr\/index.php?rest_route=\/wp\/v2\/pages"}],"about":[{"href":"https:\/\/csgartphotos.fr\/index.php?rest_route=\/wp\/v2\/types\/page"}],"author":[{"embeddable":true,"href":"https:\/\/csgartphotos.fr\/index.php?rest_route=\/wp\/v2\/users\/1"}],"replies":[{"embeddable":true,"href":"https:\/\/csgartphotos.fr\/index.php?rest_route=%2Fwp%2Fv2%2Fcomments&post=3"}],"version-history":[{"count":4,"href":"https:\/\/csgartphotos.fr\/index.php?rest_route=\/wp\/v2\/pages\/3\/revisions"}],"predecessor-version":[{"id":1547,"href":"https:\/\/csgartphotos.fr\/index.php?rest_route=\/wp\/v2\/pages\/3\/revisions\/1547"}],"wp:attachment":[{"href":"https:\/\/csgartphotos.fr\/index.php?rest_route=%2Fwp%2Fv2%2Fmedia&parent=3"}],"curies":[{"name":"wp","href":"https:\/\/api.w.org\/{rel}","templated":true}]}}