{"id":1536,"date":"2024-04-03T19:17:42","date_gmt":"2024-04-03T17:17:42","guid":{"rendered":"https:\/\/csgartphotos.fr\/?page_id=1536"},"modified":"2024-04-25T12:39:07","modified_gmt":"2024-04-25T10:39:07","slug":"bon-cadeau","status":"publish","type":"page","link":"https:\/\/csgartphotos.fr\/?page_id=1536","title":{"rendered":"Bon cadeau"},"content":{"rendered":"\n<p><\/p>\n\n\n<style>.wp-block-kadence-advancedheading.kt-adv-heading1536_82c1f0-6d, .wp-block-kadence-advancedheading.kt-adv-heading1536_82c1f0-6d[data-kb-block=\"kb-adv-heading1536_82c1f0-6d\"]{font-style:normal;}.wp-block-kadence-advancedheading.kt-adv-heading1536_82c1f0-6d mark.kt-highlight, .wp-block-kadence-advancedheading.kt-adv-heading1536_82c1f0-6d[data-kb-block=\"kb-adv-heading1536_82c1f0-6d\"] mark.kt-highlight{font-style:normal;color:#f76a0c;-webkit-box-decoration-break:clone;box-decoration-break:clone;padding-top:0px;padding-right:0px;padding-bottom:0px;padding-left:0px;}.wp-block-kadence-advancedheading.kt-adv-heading1536_82c1f0-6d img.kb-inline-image, .wp-block-kadence-advancedheading.kt-adv-heading1536_82c1f0-6d[data-kb-block=\"kb-adv-heading1536_82c1f0-6d\"] img.kb-inline-image{width:150px;vertical-align:baseline;}@media all and (max-width: 767px){.wp-block-kadence-advancedheading.kt-adv-heading1536_82c1f0-6d, .wp-block-kadence-advancedheading.kt-adv-heading1536_82c1f0-6d[data-kb-block=\"kb-adv-heading1536_82c1f0-6d\"]{font-size:var(--global-kb-font-size-md, 1.25rem);}}<\/style>\n<h2 class=\"kt-adv-heading1536_82c1f0-6d wp-block-kadence-advancedheading\" data-kb-block=\"kb-adv-heading1536_82c1f0-6d\">D\u00e9couvrez le cadeau id\u00e9al pour vos proches !<\/h2>\n\n\n\n<p>Il vous suffit de choisir parmi les diff\u00e9rentes prestations que je propose ou m\u00eame de me faire part de vos souhaits sp\u00e9cifiques pour une s\u00e9ance sur mesure. Une fois votre choix fait, deux options s&rsquo;offrent \u00e0 vous : <\/p>\n\n\n\n<ul class=\"wp-block-list\">\n<li>Je vous envoie le bon cadeau sous forme d&rsquo;une \u00e9l\u00e9gante carte postale, pour un suppl\u00e9ment de 3\u20ac (envoi de la carte et de son enveloppe par courrier postal).<\/li>\n\n\n\n<li>Je vous envoie le bon cadeau par mail vierge et \u00e0 vous de le compl\u00e9ter. <\/li>\n<\/ul>\n\n\n\n<p>Un cadeau parfait, empreint de personnalisation et de convivialit\u00e9 !<\/p>\n\n\n\n<p>Valable pendant 6 mois \u00e0 compter de la date d&rsquo;achat, la personne b\u00e9n\u00e9ficiaire pourra ensuite me contacter pour planifier sa s\u00e9ance.<\/p>\n\n\n\n<figure class=\"wp-block-gallery has-nested-images columns-default is-cropped wp-block-gallery-1 is-layout-flex wp-block-gallery-is-layout-flex\">\n<figure class=\"wp-block-image size-full\"><img loading=\"lazy\" decoding=\"async\" width=\"874\" height=\"620\" data-id=\"1551\" src=\"https:\/\/csgartphotos.fr\/wp-content\/uploads\/2024\/04\/Carte-cadeau-specimen-1.png\" alt=\"\" class=\"wp-image-1551\" srcset=\"https:\/\/csgartphotos.fr\/wp-content\/uploads\/2024\/04\/Carte-cadeau-specimen-1.png 874w, https:\/\/csgartphotos.fr\/wp-content\/uploads\/2024\/04\/Carte-cadeau-specimen-1-300x213.png 300w, https:\/\/csgartphotos.fr\/wp-content\/uploads\/2024\/04\/Carte-cadeau-specimen-1-768x545.png 768w, https:\/\/csgartphotos.fr\/wp-content\/uploads\/2024\/04\/Carte-cadeau-specimen-1-600x426.png 600w\" sizes=\"auto, (max-width: 874px) 100vw, 874px\" \/><\/figure>\n\n\n\n<figure class=\"wp-block-image size-full\"><img loading=\"lazy\" decoding=\"async\" width=\"874\" height=\"620\" data-id=\"1550\" src=\"https:\/\/csgartphotos.fr\/wp-content\/uploads\/2024\/04\/Carte-cadeau-specimen-2.png\" alt=\"\" class=\"wp-image-1550\" srcset=\"https:\/\/csgartphotos.fr\/wp-content\/uploads\/2024\/04\/Carte-cadeau-specimen-2.png 874w, https:\/\/csgartphotos.fr\/wp-content\/uploads\/2024\/04\/Carte-cadeau-specimen-2-300x213.png 300w, https:\/\/csgartphotos.fr\/wp-content\/uploads\/2024\/04\/Carte-cadeau-specimen-2-768x545.png 768w, https:\/\/csgartphotos.fr\/wp-content\/uploads\/2024\/04\/Carte-cadeau-specimen-2-600x426.png 600w\" sizes=\"auto, (max-width: 874px) 100vw, 874px\" \/><\/figure>\n<\/figure>\n\n\n\n<p><\/p>\n\n\n\n<p class=\"has-text-align-center\">N&rsquo;attendez plus, contactez-moi d\u00e8s maintenant pour r\u00e9server votre s\u00e9ance photo !<\/p>\n\n\n\n<div class=\"wp-block-buttons is-content-justification-center is-layout-flex wp-container-core-buttons-is-layout-16018d1d wp-block-buttons-is-layout-flex\">\n<div class=\"wp-block-button\"><a class=\"wp-block-button__link wp-element-button\" href=\"https:\/\/csgartphotos.fr\/?page_id=1010\">Contact<\/a><\/div>\n<\/div>\n","protected":false},"excerpt":{"rendered":"<p>D\u00e9couvrez le cadeau id\u00e9al pour vos proches ! Il vous suffit de choisir parmi les diff\u00e9rentes prestations que je propose ou m\u00eame de me faire part de vos souhaits sp\u00e9cifiques pour une s\u00e9ance sur mesure. Une fois votre choix fait, deux options s&rsquo;offrent \u00e0 vous : Un cadeau parfait, empreint de personnalisation et de convivialit\u00e9&#8230;<\/p>\n","protected":false},"author":1,"featured_media":0,"parent":0,"menu_order":0,"comment_status":"closed","ping_status":"closed","template":"","meta":{"om_disable_all_campaigns":false,"_monsterinsights_skip_tracking":false,"_monsterinsights_sitenote_active":false,"_monsterinsights_sitenote_note":"","_monsterinsights_sitenote_category":0,"_kadence_starter_templates_imported_post":false,"_kad_post_transparent":"","_kad_post_title":"","_kad_post_layout":"","_kad_post_sidebar_id":"","_kad_post_content_style":"","_kad_post_vertical_padding":"","_kad_post_feature":"","_kad_post_feature_position":"","_kad_post_header":false,"_kad_post_footer":false,"footnotes":""},"class_list":["post-1536","page","type-page","status-publish","hentry"],"aioseo_notices":[],"_links":{"self":[{"href":"https:\/\/csgartphotos.fr\/index.php?rest_route=\/wp\/v2\/pages\/1536","targetHints":{"allow":["GET"]}}],"collection":[{"href":"https:\/\/csgartphotos.fr\/index.php?rest_route=\/wp\/v2\/pages"}],"about":[{"href":"https:\/\/csgartphotos.fr\/index.php?rest_route=\/wp\/v2\/types\/page"}],"author":[{"embeddable":true,"href":"https:\/\/csgartphotos.fr\/index.php?rest_route=\/wp\/v2\/users\/1"}],"replies":[{"embeddable":true,"href":"https:\/\/csgartphotos.fr\/index.php?rest_route=%2Fwp%2Fv2%2Fcomments&post=1536"}],"version-history":[{"count":5,"href":"https:\/\/csgartphotos.fr\/index.php?rest_route=\/wp\/v2\/pages\/1536\/revisions"}],"predecessor-version":[{"id":1589,"href":"https:\/\/csgartphotos.fr\/index.php?rest_route=\/wp\/v2\/pages\/1536\/revisions\/1589"}],"wp:attachment":[{"href":"https:\/\/csgartphotos.fr\/index.php?rest_route=%2Fwp%2Fv2%2Fmedia&parent=1536"}],"curies":[{"name":"wp","href":"https:\/\/api.w.org\/{rel}","templated":true}]}}