{"id":1382,"date":"2024-03-24T11:57:53","date_gmt":"2024-03-24T10:57:53","guid":{"rendered":"https:\/\/csgartphotos.fr\/?page_id=1382"},"modified":"2024-04-25T13:05:55","modified_gmt":"2024-04-25T11:05:55","slug":"ma-charte-ethique","status":"publish","type":"page","link":"https:\/\/csgartphotos.fr\/?page_id=1382","title":{"rendered":"Ma charte ethique"},"content":{"rendered":"\n<h2 class=\"wp-block-heading\">Mes valeurs<\/h2>\n\n\n\n<p>Je suis guid\u00e9e par un ensemble de valeurs fondamentales qui d\u00e9finissent mon approche en tant que photographe. Mon engagement envers mes clients, mon m\u00e9tier et la soci\u00e9t\u00e9 dans son ensemble est ancr\u00e9 dans l&rsquo;int\u00e9grit\u00e9, le professionnalisme, l&rsquo;\u00e9coute, la transparence, la bienveillance et la confiance.<\/p>\n\n\n\n<h2 class=\"wp-block-heading\">Int\u00e9grit\u00e9 et professionnalisme<\/h2>\n\n\n\n<p>Je m&rsquo;engage \u00e0 maintenir les normes les plus \u00e9lev\u00e9es d&rsquo;int\u00e9grit\u00e9 et de professionnalisme dans toutes mes interactions avec vous, ainsi qu&rsquo;avec mes partenaires et coll\u00e8gues. Je respecte les normes \u00e9thiques de ma profession et je m&rsquo;efforce toujours d&rsquo;agir de mani\u00e8re transparente et honn\u00eate.<\/p>\n\n\n\n<h2 class=\"wp-block-heading\"><strong>Respect et dignit\u00e9<\/strong><\/h2>\n\n\n\n<p>Je traite chaque individu avec respect et dignit\u00e9, en reconnaissant et en c\u00e9l\u00e9brant la diversit\u00e9 sous toutes ses formes. Peu importe votre origine, votre apparence, votre identit\u00e9 de genre, votre orientation sexuelle, votre religion ou vos croyances, vous serez toujours accueilli avec respect.<\/p>\n\n\n<style>.wp-block-kadence-advancedheading.kt-adv-heading1382_aca8f0-be, .wp-block-kadence-advancedheading.kt-adv-heading1382_aca8f0-be[data-kb-block=\"kb-adv-heading1382_aca8f0-be\"]{font-style:normal;}.wp-block-kadence-advancedheading.kt-adv-heading1382_aca8f0-be mark.kt-highlight, .wp-block-kadence-advancedheading.kt-adv-heading1382_aca8f0-be[data-kb-block=\"kb-adv-heading1382_aca8f0-be\"] mark.kt-highlight{font-style:normal;color:#f76a0c;-webkit-box-decoration-break:clone;box-decoration-break:clone;padding-top:0px;padding-right:0px;padding-bottom:0px;padding-left:0px;}.wp-block-kadence-advancedheading.kt-adv-heading1382_aca8f0-be img.kb-inline-image, .wp-block-kadence-advancedheading.kt-adv-heading1382_aca8f0-be[data-kb-block=\"kb-adv-heading1382_aca8f0-be\"] img.kb-inline-image{width:150px;vertical-align:baseline;}<\/style>\n<h2 class=\"kt-adv-heading1382_aca8f0-be wp-block-kadence-advancedheading\" data-kb-block=\"kb-adv-heading1382_aca8f0-be\"><strong>Confidentialit\u00e9 et respect de la vie priv\u00e9e<\/strong><\/h2>\n\n\n\n<p>Votre confidentialit\u00e9 et votre vie priv\u00e9e sont extr\u00eamement importantes pour moi. Je m&rsquo;engage \u00e0 prot\u00e9ger les informations personnelles que vous partagez avec moi et \u00e0 les utiliser uniquement dans le cadre de nos interactions. Vos donn\u00e9es sont en s\u00e9curit\u00e9 avec moi, et je ne les partagerai jamais sans votre consentement explicite.<\/p>\n\n\n<style>.wp-block-kadence-advancedheading.kt-adv-heading1382_e8aee0-8e, .wp-block-kadence-advancedheading.kt-adv-heading1382_e8aee0-8e[data-kb-block=\"kb-adv-heading1382_e8aee0-8e\"]{font-style:normal;}.wp-block-kadence-advancedheading.kt-adv-heading1382_e8aee0-8e mark.kt-highlight, .wp-block-kadence-advancedheading.kt-adv-heading1382_e8aee0-8e[data-kb-block=\"kb-adv-heading1382_e8aee0-8e\"] mark.kt-highlight{font-style:normal;color:#f76a0c;-webkit-box-decoration-break:clone;box-decoration-break:clone;padding-top:0px;padding-right:0px;padding-bottom:0px;padding-left:0px;}.wp-block-kadence-advancedheading.kt-adv-heading1382_e8aee0-8e img.kb-inline-image, .wp-block-kadence-advancedheading.kt-adv-heading1382_e8aee0-8e[data-kb-block=\"kb-adv-heading1382_e8aee0-8e\"] img.kb-inline-image{width:150px;vertical-align:baseline;}<\/style>\n<h2 class=\"kt-adv-heading1382_e8aee0-8e wp-block-kadence-advancedheading\" data-kb-block=\"kb-adv-heading1382_e8aee0-8e\"><strong>\u00c9coute et transparence<\/strong><\/h2>\n\n\n\n<p>Je m&rsquo;engage \u00e0 vous \u00e9couter attentivement, \u00e0 comprendre vos besoins et vos pr\u00e9f\u00e9rences et \u00e0 r\u00e9pondre \u00e0 toutes vos questions de mani\u00e8re claire et transparente. Vous pouvez compter sur moi pour \u00eatre ouvert et honn\u00eate dans toutes nos interactions.<\/p>\n\n\n<style>.wp-block-kadence-advancedheading.kt-adv-heading1382_566e22-27, .wp-block-kadence-advancedheading.kt-adv-heading1382_566e22-27[data-kb-block=\"kb-adv-heading1382_566e22-27\"]{font-style:normal;}.wp-block-kadence-advancedheading.kt-adv-heading1382_566e22-27 mark.kt-highlight, .wp-block-kadence-advancedheading.kt-adv-heading1382_566e22-27[data-kb-block=\"kb-adv-heading1382_566e22-27\"] mark.kt-highlight{font-style:normal;color:#f76a0c;-webkit-box-decoration-break:clone;box-decoration-break:clone;padding-top:0px;padding-right:0px;padding-bottom:0px;padding-left:0px;}.wp-block-kadence-advancedheading.kt-adv-heading1382_566e22-27 img.kb-inline-image, .wp-block-kadence-advancedheading.kt-adv-heading1382_566e22-27[data-kb-block=\"kb-adv-heading1382_566e22-27\"] img.kb-inline-image{width:150px;vertical-align:baseline;}<\/style>\n<h2 class=\"kt-adv-heading1382_566e22-27 wp-block-kadence-advancedheading\" data-kb-block=\"kb-adv-heading1382_566e22-27\"><strong>Bienveillance<\/strong> <strong>et confiance<\/strong><\/h2>\n\n\n\n<p>La bienveillance est au c\u0153ur de mon approche en tant que photographe. Je suis l\u00e0 pour vous soutenir, vous guider et vous aider \u00e0 vous sentir \u00e0 l&rsquo;aise et en confiance devant l&rsquo;objectif. Mon objectif est de capturer les moments les plus authentiques et les plus significatifs de votre vie avec empathie et compassion.<\/p>\n\n\n\n<p>La confiance est la pierre angulaire de notre relation. Vous pouvez avoir confiance en moi pour vous offrir un service de qualit\u00e9, pour respecter vos souhaits et pour honorer mes engagements envers vous. Je suis l\u00e0 pour vous accompagner \u00e0 chaque \u00e9tape du processus, en veillant \u00e0 ce que vous vous sentiez en s\u00e9curit\u00e9 et en confiance \u00e0 chaque instant.<\/p>\n\n\n<style>.wp-block-kadence-advancedheading.kt-adv-heading1382_af635a-3c, .wp-block-kadence-advancedheading.kt-adv-heading1382_af635a-3c[data-kb-block=\"kb-adv-heading1382_af635a-3c\"]{font-style:normal;}.wp-block-kadence-advancedheading.kt-adv-heading1382_af635a-3c mark.kt-highlight, .wp-block-kadence-advancedheading.kt-adv-heading1382_af635a-3c[data-kb-block=\"kb-adv-heading1382_af635a-3c\"] mark.kt-highlight{font-style:normal;color:#f76a0c;-webkit-box-decoration-break:clone;box-decoration-break:clone;padding-top:0px;padding-right:0px;padding-bottom:0px;padding-left:0px;}.wp-block-kadence-advancedheading.kt-adv-heading1382_af635a-3c img.kb-inline-image, .wp-block-kadence-advancedheading.kt-adv-heading1382_af635a-3c[data-kb-block=\"kb-adv-heading1382_af635a-3c\"] img.kb-inline-image{width:150px;vertical-align:baseline;}<\/style>\n<h2 class=\"kt-adv-heading1382_af635a-3c wp-block-kadence-advancedheading\" data-kb-block=\"kb-adv-heading1382_af635a-3c\"><strong>Cr\u00e9ativit\u00e9 et qualit\u00e9<\/strong><\/h2>\n\n\n\n<p>Je suis passionn\u00e9e par mon m\u00e9tier et je m&rsquo;efforce toujours de cr\u00e9er des \u0153uvres photographiques qui captivent, inspirent et \u00e9merveillent. Je m&rsquo;engage \u00e0 maintenir des normes \u00e9lev\u00e9es de qualit\u00e9 artistique et technique dans tout ce que je fais.<\/p>\n\n\n<style>.wp-block-kadence-advancedheading.kt-adv-heading1382_fe9616-41, .wp-block-kadence-advancedheading.kt-adv-heading1382_fe9616-41[data-kb-block=\"kb-adv-heading1382_fe9616-41\"]{font-style:normal;}.wp-block-kadence-advancedheading.kt-adv-heading1382_fe9616-41 mark.kt-highlight, .wp-block-kadence-advancedheading.kt-adv-heading1382_fe9616-41[data-kb-block=\"kb-adv-heading1382_fe9616-41\"] mark.kt-highlight{font-style:normal;color:#f76a0c;-webkit-box-decoration-break:clone;box-decoration-break:clone;padding-top:0px;padding-right:0px;padding-bottom:0px;padding-left:0px;}.wp-block-kadence-advancedheading.kt-adv-heading1382_fe9616-41 img.kb-inline-image, .wp-block-kadence-advancedheading.kt-adv-heading1382_fe9616-41[data-kb-block=\"kb-adv-heading1382_fe9616-41\"] img.kb-inline-image{width:150px;vertical-align:baseline;}<\/style>\n<h2 class=\"kt-adv-heading1382_fe9616-41 wp-block-kadence-advancedheading\" data-kb-block=\"kb-adv-heading1382_fe9616-41\"><strong>Responsabilit\u00e9 environnementale<\/strong><\/h2>\n\n\n\n<p>Je suis consciente de l&rsquo;impact environnemental de mon activit\u00e9 et je m&rsquo;engage \u00e0 r\u00e9duire mon empreinte \u00e9cologique autant que possible. Je favorise des pratiques durables dans mes op\u00e9rations et j&rsquo;encourage mes clients \u00e0 faire de m\u00eame.<\/p>\n","protected":false},"excerpt":{"rendered":"<p>Mes valeurs Je suis guid\u00e9e par un ensemble de valeurs fondamentales qui d\u00e9finissent mon approche en tant que photographe. Mon engagement envers mes clients, mon m\u00e9tier et la soci\u00e9t\u00e9 dans son ensemble est ancr\u00e9 dans l&rsquo;int\u00e9grit\u00e9, le professionnalisme, l&rsquo;\u00e9coute, la transparence, la bienveillance et la confiance. Int\u00e9grit\u00e9 et professionnalisme Je m&rsquo;engage \u00e0 maintenir les normes&#8230;<\/p>\n","protected":false},"author":1,"featured_media":0,"parent":0,"menu_order":0,"comment_status":"closed","ping_status":"closed","template":"","meta":{"om_disable_all_campaigns":false,"_monsterinsights_skip_tracking":false,"_monsterinsights_sitenote_active":false,"_monsterinsights_sitenote_note":"","_monsterinsights_sitenote_category":0,"_kadence_starter_templates_imported_post":false,"_kad_post_transparent":"","_kad_post_title":"","_kad_post_layout":"","_kad_post_sidebar_id":"","_kad_post_content_style":"","_kad_post_vertical_padding":"","_kad_post_feature":"","_kad_post_feature_position":"","_kad_post_header":false,"_kad_post_footer":false,"footnotes":""},"class_list":["post-1382","page","type-page","status-publish","hentry"],"aioseo_notices":[],"_links":{"self":[{"href":"https:\/\/csgartphotos.fr\/index.php?rest_route=\/wp\/v2\/pages\/1382","targetHints":{"allow":["GET"]}}],"collection":[{"href":"https:\/\/csgartphotos.fr\/index.php?rest_route=\/wp\/v2\/pages"}],"about":[{"href":"https:\/\/csgartphotos.fr\/index.php?rest_route=\/wp\/v2\/types\/page"}],"author":[{"embeddable":true,"href":"https:\/\/csgartphotos.fr\/index.php?rest_route=\/wp\/v2\/users\/1"}],"replies":[{"embeddable":true,"href":"https:\/\/csgartphotos.fr\/index.php?rest_route=%2Fwp%2Fv2%2Fcomments&post=1382"}],"version-history":[{"count":2,"href":"https:\/\/csgartphotos.fr\/index.php?rest_route=\/wp\/v2\/pages\/1382\/revisions"}],"predecessor-version":[{"id":1546,"href":"https:\/\/csgartphotos.fr\/index.php?rest_route=\/wp\/v2\/pages\/1382\/revisions\/1546"}],"wp:attachment":[{"href":"https:\/\/csgartphotos.fr\/index.php?rest_route=%2Fwp%2Fv2%2Fmedia&parent=1382"}],"curies":[{"name":"wp","href":"https:\/\/api.w.org\/{rel}","templated":true}]}}