{"id":1378,"date":"2024-03-24T11:19:08","date_gmt":"2024-03-24T10:19:08","guid":{"rendered":"https:\/\/csgartphotos.fr\/?page_id=1378"},"modified":"2024-04-25T13:11:11","modified_gmt":"2024-04-25T11:11:11","slug":"mentions-legales","status":"publish","type":"page","link":"https:\/\/csgartphotos.fr\/?page_id=1378","title":{"rendered":"Mentions l\u00e9gales"},"content":{"rendered":"\n<h2 class=\"wp-block-heading\">Informations<\/h2>\n\n\n\n<p>Site Internet cr\u00e9\u00e9 par Charl\u00e8ne SARDAINE GOMEZ, h\u00e9berg\u00e9 par Hostinger<br>Photos : Charl\u00e8ne SARDAINE GOMEZ<\/p>\n\n\n\n<p><br>T\u00e9l\u00e9phone : 06.31.56.51.25<br>Email : contact@csgartphotos.fr<\/p>\n\n\n\n<p>SIRET : 984 144 311 00011<br>CSG Art Photos est une micro entreprise immatricul\u00e9e aupr\u00e8s du R\u00e9pertoire des m\u00e9tiers de la Chambre des M\u00e9tiers et de l&rsquo;Artisanat de la r\u00e9gion Nouvelle Aquitaine.<\/p>\n\n\n\n<p>Tous droits r\u00e9serv\u00e9s \u2013 Reproduction des photos interdites<\/p>\n","protected":false},"excerpt":{"rendered":"<p>Informations Site Internet cr\u00e9\u00e9 par Charl\u00e8ne SARDAINE GOMEZ, h\u00e9berg\u00e9 par HostingerPhotos : Charl\u00e8ne SARDAINE GOMEZ T\u00e9l\u00e9phone : 06.31.56.51.25Email : contact@csgartphotos.fr SIRET : 984 144 311 00011CSG Art Photos est une micro entreprise immatricul\u00e9e aupr\u00e8s du R\u00e9pertoire des m\u00e9tiers de la Chambre des M\u00e9tiers et de l&rsquo;Artisanat de la r\u00e9gion Nouvelle Aquitaine. Tous droits r\u00e9serv\u00e9s \u2013&#8230;<\/p>\n","protected":false},"author":1,"featured_media":0,"parent":0,"menu_order":0,"comment_status":"closed","ping_status":"closed","template":"","meta":{"om_disable_all_campaigns":false,"_monsterinsights_skip_tracking":false,"_monsterinsights_sitenote_active":false,"_monsterinsights_sitenote_note":"","_monsterinsights_sitenote_category":0,"_kadence_starter_templates_imported_post":false,"_kad_post_transparent":"","_kad_post_title":"","_kad_post_layout":"","_kad_post_sidebar_id":"","_kad_post_content_style":"","_kad_post_vertical_padding":"","_kad_post_feature":"","_kad_post_feature_position":"","_kad_post_header":false,"_kad_post_footer":false,"footnotes":""},"class_list":["post-1378","page","type-page","status-publish","hentry"],"aioseo_notices":[],"_links":{"self":[{"href":"https:\/\/csgartphotos.fr\/index.php?rest_route=\/wp\/v2\/pages\/1378","targetHints":{"allow":["GET"]}}],"collection":[{"href":"https:\/\/csgartphotos.fr\/index.php?rest_route=\/wp\/v2\/pages"}],"about":[{"href":"https:\/\/csgartphotos.fr\/index.php?rest_route=\/wp\/v2\/types\/page"}],"author":[{"embeddable":true,"href":"https:\/\/csgartphotos.fr\/index.php?rest_route=\/wp\/v2\/users\/1"}],"replies":[{"embeddable":true,"href":"https:\/\/csgartphotos.fr\/index.php?rest_route=%2Fwp%2Fv2%2Fcomments&post=1378"}],"version-history":[{"count":2,"href":"https:\/\/csgartphotos.fr\/index.php?rest_route=\/wp\/v2\/pages\/1378\/revisions"}],"predecessor-version":[{"id":1381,"href":"https:\/\/csgartphotos.fr\/index.php?rest_route=\/wp\/v2\/pages\/1378\/revisions\/1381"}],"wp:attachment":[{"href":"https:\/\/csgartphotos.fr\/index.php?rest_route=%2Fwp%2Fv2%2Fmedia&parent=1378"}],"curies":[{"name":"wp","href":"https:\/\/api.w.org\/{rel}","templated":true}]}}